{"id":591,"date":"2026-04-16T07:49:25","date_gmt":"2026-04-16T07:49:25","guid":{"rendered":"https:\/\/testronic.rkinformatika.online\/?page_id=591"},"modified":"2026-04-16T09:51:22","modified_gmt":"2026-04-16T09:51:22","slug":"productos","status":"publish","type":"page","link":"https:\/\/testronic.es\/eu\/productos\/","title":{"rendered":"Produktuak"},"content":{"rendered":"<div data-elementor-type=\"wp-page\" data-elementor-id=\"591\" class=\"elementor elementor-591\" data-elementor-post-type=\"page\">\n\t\t\t\t<div class=\"elementor-element elementor-element-cb674ee e-flex e-con-boxed e-con e-parent\" data-id=\"cb674ee\" data-element_type=\"container\" data-e-type=\"container\" data-settings=\"{&quot;background_background&quot;:&quot;classic&quot;}\">\n\t\t\t\t\t<div class=\"e-con-inner\">\n\t\t<div class=\"elementor-element elementor-element-0750210 e-con-full e-flex e-con e-child\" data-id=\"0750210\" data-element_type=\"container\" data-e-type=\"container\" data-settings=\"{&quot;background_background&quot;:&quot;classic&quot;}\">\n\t\t<div class=\"elementor-element elementor-element-bc5df61 e-con-full e-flex e-con e-child\" data-id=\"bc5df61\" data-element_type=\"container\" data-e-type=\"container\">\n\t\t\t\t<div class=\"elementor-element elementor-element-45d97a7 elementor-widget elementor-widget-heading\" data-id=\"45d97a7\" data-element_type=\"widget\" data-e-type=\"widget\" data-widget_type=\"heading.default\">\n\t\t\t\t\t<h2 class=\"elementor-heading-title elementor-size-default\">A continuaci\u00f3n les mostramos una lista con lo equipos que reparamos habitualmente:<\/h2>\t\t\t\t<\/div>\n\t\t\t\t<\/div>\n\t\t\t\t<\/div>\n\t\t\t\t\t<\/div>\n\t\t\t\t<\/div>\n\t\t<div class=\"elementor-element elementor-element-27aebb8 e-flex e-con-boxed e-con e-parent\" data-id=\"27aebb8\" data-element_type=\"container\" data-e-type=\"container\" data-settings=\"{&quot;background_background&quot;:&quot;classic&quot;}\">\n\t\t\t\t\t<div class=\"e-con-inner\">\n\t\t<div class=\"elementor-element elementor-element-4be8749 e-con-full e-flex e-con e-child\" data-id=\"4be8749\" data-element_type=\"container\" data-e-type=\"container\" data-settings=\"{&quot;background_background&quot;:&quot;classic&quot;}\">\n\t\t\t\t<div class=\"elementor-element elementor-element-a7b8fa9 elementor-widget elementor-widget-eael-advanced-data-table\" data-id=\"a7b8fa9\" data-element_type=\"widget\" data-e-type=\"widget\" data-widget_type=\"eael-advanced-data-table.default\">\n\t\t\t\t\t<div class=\"ea-advanced-data-table-wrap\" data-id=\"a7b8fa9\"><div class=\"ea-advanced-data-table-search-wrap ea-advanced-data-table-search-right\"><input type=\"search\" placeholder=\"Buscar\" class=\"ea-advanced-data-table-search\"><\/div><div class=\"ea-advanced-data-table-wrap-inner\">\n                <table class=\"ea-advanced-data-table ea-advanced-data-table-csv ea-advanced-data-table-a7b8fa9 ea-advanced-data-table-sortable ea-advanced-data-table-paginated ea-advanced-data-table-searchable\" data-id=\"a7b8fa9\" data-items-per-page=\"31\"><thead><tr><th>Descripci\u00f3n<\/th><th>Marca<\/th><th>Modelo<\/th><\/tr><\/thead><tbody><tr><td>Interfono Tuftel<\/td><td>ERICCSON<\/td><td>3013210<\/td><\/tr><tr><td>Tarjeta DC\/DC Converter<\/td><td>ERICCSON<\/td><td>ROF 1314263\/1<\/td><\/tr><tr><td>Tarjeta DC\/AC Converter<\/td><td>ERICCSON<\/td><td>TVF113539 R25<\/td><\/tr><tr><td>Tarjeta Procesadora<\/td><td>ERICCSON<\/td><td>TVF1135216 R9<\/td><\/tr><tr><td>Tel\u00e9fono Digital<\/td><td>ERICCSON<\/td><td>DBC662001\/901<\/td><\/tr><tr><td>Interfono<\/td><td>REVENGA<\/td><td>W-1600<\/td><\/tr><tr><td>Tarjeta de Entradas E\/D MEAT<\/td><td>INDRA SISTEMAS<\/td><td>CIRDN 9171AA<\/td><\/tr><tr><td>Tarjeta de Salidas SDP MEAT<\/td><td>INDRA SISTEMAS<\/td><td>CIRDN 9172AA<\/td><\/tr><tr><td>Modulo Servo<\/td><td>BOSCH<\/td><td>SM 5\/10-TC ,SM10\/20-TC, ...<\/td><\/tr><tr><td>Fuente Alimentaci\u00f3n CAE\/MEAT CSC<\/td><td>INDRA SISTEMAS<\/td><td>C460000062<\/td><\/tr><tr><td>Tarjeta Teleindicador (8 cristales)<\/td><td>IKUSI<\/td><td>LG62\/8<\/td><\/tr><tr><td>Tarjeta Procesadora Teleindicador<\/td><td>IKUSI<\/td><td>CUG 16256<\/td><\/tr><tr><td>Tarjeta Teleindicador 88 cristales<\/td><td>IKUSI<\/td><td>CG62\/88<\/td><\/tr><tr><td>Modulo servo<\/td><td>MCS<\/td><td>SA 1000<\/td><\/tr><tr><td>F. Alimentaci\u00f3n Teleindicador<\/td><td>IKUSI<\/td><td>F.A. Teleindicador FUG<\/td><\/tr><tr><td>Preamplificador Audio Estaciones<\/td><td>OPTIMUS<\/td><td>611P<\/td><\/tr><tr><td>Tarjeta Decodificadora de Audio<\/td><td>OPTIMUS<\/td><td>G703<\/td><\/tr><tr><td>Tarjeta Se\u00f1ales Sem\u00e1foro SBO 2W\/4W<\/td><td>LANDATA<\/td><td>SEMB950420-0<\/td><\/tr><tr><td>Monitor Estaciones<\/td><td>GRUNDIG<\/td><td>BGC136L<\/td><\/tr><tr><td>Tarjeta Controladora de CPU<\/td><td>BOMBARDIER<\/td><td>ROF 137 3011<\/td><\/tr><tr><td>Tarjeta de Salida Codificador ATP\/ATO<\/td><td>BOMBARDIER<\/td><td>3NSS980019 R2B<\/td><\/tr><tr><td>Tarjeta de Entrada Codificador ATP\/ATO<\/td><td>BOMBARDIER<\/td><td>ROA 1191118R1A<\/td><\/tr><tr><td>Transmisor v\u00eda ABB MTX Fi<\/td><td>BOMBARDIER<\/td><td>TX Fi<\/td><\/tr><tr><td>Receptor de v\u00eda MRX Fi<\/td><td>BOMBARDIER<\/td><td>RX Fi<\/td><\/tr><tr><td>Fuente Alimentaci\u00f3n \u201cCamara CCTV\u201d<\/td><td>PLETTAC SEGUR. Y SIST.<\/td><td>PR3CW<\/td><\/tr><tr><td>Fuente Alimentaci\u00f3n PS21<\/td><td>PLETTAC SEGUR. Y SIST.<\/td><td>PS 20<\/td><\/tr><tr><td>Tarjeta A Billetero BSN 39<\/td><td>TELVENT TRAFICO Y T.<\/td><td>46225128 0A<\/td><\/tr><tr><td>Amplificador Intercomunicador<\/td><td>CLOCK AUDIO<\/td><td>CA100<\/td><\/tr><tr><td>Tarjeta Conexi\u00f3n Bus F.O. ALG<\/td><td>BOMBARDIER<\/td><td>AF B635B08<\/td><\/tr><tr><td>Tarjeta Procesadora control convertidor<\/td><td>BOMBARDIER<\/td><td>PP B471 A02<\/td><\/tr><tr><td>Tarjetas PC<\/td><td>LANDIS<\/td><td>PC 302, PC 305...<\/td><\/tr><tr><td>Tarjeta Chopper<\/td><td>BOMBARDIER<\/td><td>RD B474 A57<\/td><\/tr><tr><td>Tarjeta E\/S An\u00e1logicas FLG<\/td><td>BOMBARDIER<\/td><td>UA B667 B01<\/td><\/tr><tr><td>Tarjeta Conexi\u00f3n bus F.O. FLG tipo BTG5 (M)<\/td><td>BOMBARDIER<\/td><td>UF B700 A01<\/td><\/tr><tr><td>Tarjeta Perif\u00e9rica Anal\u00f3gica ALG<\/td><td>BOMBARDIER<\/td><td>XV B658 A08<\/td><\/tr><tr><td>Tarjeta I\/O ATP<\/td><td>BOMBARDIER<\/td><td>ROF 137 3055\/2<\/td><\/tr><tr><td>M\u00f3dulo Interface PCU<\/td><td>BOMBARDIER<\/td><td>3NSS040057-1<\/td><\/tr><tr><td>Tarjeta Perif\u00e9rica Binaria ALG<\/td><td>BOMBARDIER<\/td><td>XV B659 B15<\/td><\/tr><tr><td>Tarjeta CTR de U.L. ATP<\/td><td>BOMBARDIER Se\u00f1al<\/td><td>6\/5\/5214-48GXL<\/td><\/tr><tr><td>Fuente Alimentaci\u00f3n de Antena ATP<\/td><td>BOMBARDIER Se\u00f1al<\/td><td>3NSS040056-3<\/td><\/tr><tr><td>TJ. Interface Comunicaciones CMC<\/td><td>SEPSA<\/td><td>082414<\/td><\/tr><tr><td>TJ. Control Hombre Muerto UCR<\/td><td>SEPSA<\/td><td>082376<\/td><\/tr><tr><td>Fuente Alimentaci\u00f3n Central ATB<\/td><td>SWD<\/td><td>PM044<\/td><\/tr><tr><td>TJ. Interface A_A_viaj.<\/td><td>MERAK<\/td><td>681H161<\/td><\/tr><tr><td>Fuente Alimentaci\u00f3n 24V A_A_VIAJ.<\/td><td>MERAK<\/td><td>681H026<\/td><\/tr><tr><td>Tarjeta Control de Temperatura<\/td><td>MERAK<\/td><td>681H308<\/td><\/tr><tr><td>Fuente Alimentaci\u00f3n sw W29438<\/td><td>FAIVELEY TRANSPORT IB<\/td><td>1526831<\/td><\/tr><tr><td>Tarjeta SD1 SW1526840<\/td><td>FAIVELEY TRANSPORT IB<\/td><td>152684.0<\/td><\/tr><tr><td>Tarjeta In\/Out S.W. 1527872<\/td><td>FAIVELEY TRANSPORT IB<\/td><td>1\/452387<\/td><\/tr><tr><td>Tarjeta CTD de U.L. ATP<\/td><td>BOMBARDIER Se\u00f1al<\/td><td>3NNS040074-1<\/td><\/tr><tr><td>Tarjeta CPU\/MEM de U.L. ATP<\/td><td>BOMBARDIER Se\u00f1al<\/td><td>ROF 137 3044\/6<\/td><\/tr><tr><td>Tarjeta CTR de U.L. ATP<\/td><td>BOMBARDIER Se\u00f1al<\/td><td>6\/5\/5214-48GXL<\/td><\/tr><tr><td>Unidad logica ATO<\/td><td>BOMBARDIER Se\u00f1al<\/td><td>3NSS040049<\/td><\/tr><tr><td>Caja Interface con Panel PCU<\/td><td>BOMBARDIER Se\u00f1al<\/td><td>3NSS040057-1<\/td><\/tr><tr><td>Tarjeta E\/S Binarias FLG<\/td><td>BOMBARDIER<\/td><td>UT B513 A15<\/td><\/tr><tr><td>Tarjeta Procesadora<\/td><td>BOMBARDIER<\/td><td>XV B622 B01<\/td><\/tr><tr><td>Tarjeta Administradora de Bus FLG<\/td><td>BOMBARDIER<\/td><td>XV B626 B01<\/td><\/tr><tr><td>Tarjeta Procesadora ALG Ondulador<\/td><td>BOMBARDIER<\/td><td>PP B657 A01<\/td><\/tr><tr><td>Tarjeta Perif\u00e9rica Binaria ALG<\/td><td>BOMBARDIER<\/td><td>XV B659 B15<\/td><\/tr><tr><td>Tarjeta Procesadora FLG<\/td><td>BOMBARDIER<\/td><td>PP B622 B01<\/td><\/tr><tr><td>Tarjeta Administradora de Bus FLG<\/td><td>BOMBARDIER<\/td><td>XV B626 B01<\/td><\/tr><tr><td>Tarjeta Procesadora ALG Ondualdor<\/td><td>BOMBARDIER<\/td><td>PP B657 A01<\/td><\/tr><tr><td>Fuente Alimenimentaci\u00f3n Central ATB<\/td><td>SWD<\/td><td>PM044<\/td><\/tr><tr><td>Pantalla<\/td><td>LISEC<\/td><td>ET 322<\/td><\/tr><tr><td>Pantalla<\/td><td>SIEMENS<\/td><td>6EM1496-4BA22<\/td><\/tr><tr><td>Tarjeta Electr\u00f3nica<\/td><td>SEMICRON<\/td><td><\/td><\/tr><tr><td>Variador de frecuencia<\/td><td>MITSUBISHI<\/td><td>FR-A044-3.7K-EC<\/td><\/tr><tr><td>Rele electr\u00f3nico<\/td><td>SIEMENS<\/td><td>3UB1005-1QM7<\/td><\/tr><tr><td>Automata Programable<\/td><td>SIEMENS<\/td><td>SIMATIC S5<\/td><\/tr><tr><td>Tarjeta<\/td><td>ABB<\/td><td>KW33\/2<\/td><\/tr><tr><td>Regulador de temperatura<\/td><td>SIEMENS<\/td><td>SIPART DR20<\/td><\/tr><tr><td>Multimetro<\/td><td>FLUKE<\/td><td>FK-179<\/td><\/tr><tr><td>Contador<\/td><td>HENGSTLER<\/td><td><\/td><\/tr><tr><td>Bobinadora<\/td><td>BLUME redecker<\/td><td>AM2155<\/td><\/tr><tr><td>Cami\u00f3n Grua<\/td><td>ALBERT B\u00d6CKER<\/td><td>290494<\/td><\/tr><tr><td>Pol\u00edmetro<\/td><td>FLUKE<\/td><td>8050A<\/td><\/tr><tr><td>Consola megafonia<\/td><td>PROTON<\/td><td>Pt-65P<\/td><\/tr><tr><td>Medidor de angulo<\/td><td>MCB<\/td><td>10855<\/td><\/tr><tr><td>Sensor de Posici\u00f3n<\/td><td>PENNY&amp;GILES<\/td><td>EM-2<\/td><\/tr><tr><td>Modulo Electronico<\/td><td>ANSALDO<\/td><td>260610<\/td><\/tr><tr><td>Arrancador<\/td><td>Ico ELECTRONICS<\/td><td>SMCA32DA40140BP<\/td><\/tr><tr><td>Mando de Gr\u00faa<\/td><td>JS100R<\/td><td>ISS A<\/td><\/tr><tr><td>Fuente Programable<\/td><td>MULTI-AMP<\/td><td>EPOCH-IV<\/td><\/tr><tr><td>Variador de Frecuencia<\/td><td>ST\u00d6BER<\/td><td>Posidrive FDS4000<\/td><\/tr><tr><td>Tarjeta electr\u00f3nica<\/td><td>BOSCH<\/td><td>P400 y P401<\/td><\/tr><tr><td>Tarjeta electr\u00f3nica<\/td><td>BOSCH<\/td><td>TZ300 y TZ400<\/td><\/tr><tr><td>Tarjeta electr\u00f3nica<\/td><td>BOSCH<\/td><td>BA400<\/td><\/tr><tr><td>Fuente Alimentaci\u00f3n<\/td><td>BOSCH<\/td><td>NT2, NT3, NT300, NT400, NT301<\/td><\/tr><tr><td>M\u00f3dulo electr\u00f3nico<\/td><td>BOSCH<\/td><td>PU400 y PU401<\/td><\/tr><tr><td>Panel de mando<\/td><td>BOSCH<\/td><td>MP60<\/td><\/tr><tr><td>Cofre control de soldadura<\/td><td>BOSCH<\/td><td>Typ. E81...DYF<\/td><\/tr><tr><td>M\u00f3dulo electr\u00f3nico<\/td><td>BOSCH<\/td><td>MTR150\/8 y TR12-60V<\/td><\/tr><tr><td>Equipos electr\u00f3nicos en general<\/td><td>SIEMENS<\/td><td>Simatic S5<\/td><\/tr><tr><td>Tarjetas de rectificador soldadura<\/td><td>WEMI<\/td><td>412581<\/td><\/tr><tr><td>Tarjetas de cabezal de soladura<\/td><td>WEMI<\/td><td>412591<\/td><\/tr><tr><td>Tarjetas de rectificador y cabezal de las marcas Kemppi FU10 y ESAB Yard Feeder<\/td><td><\/td><td><\/td><\/tr><tr><td>Equipo de medida<\/td><td>KANTHAL<\/td><td>KTE600<\/td><\/tr><tr><td>Tarjetas de Aerogeneradores<\/td><td>ENERCON<\/td><td>E-30 \/ E-40<\/td><\/tr><\/tbody><\/table>\n            <\/div><div class=\"ea-advanced-data-table-pagination ea-advanced-data-table-pagination-button clearfix\"><\/div><\/div>\t\t\t\t<\/div>\n\t\t\t\t<\/div>\n\t\t\t\t\t<\/div>\n\t\t\t\t<\/div>\n\t\t<div class=\"elementor-element elementor-element-1ff726b e-flex e-con-boxed e-con e-parent\" data-id=\"1ff726b\" data-element_type=\"container\" data-e-type=\"container\" data-settings=\"{&quot;background_background&quot;:&quot;classic&quot;}\">\n\t\t\t\t\t<div class=\"e-con-inner\">\n\t\t<div class=\"elementor-element elementor-element-19a1eab e-con-full e-flex e-con e-child\" data-id=\"19a1eab\" data-element_type=\"container\" data-e-type=\"container\" data-settings=\"{&quot;background_background&quot;:&quot;classic&quot;}\">\n\t\t\t\t<div class=\"elementor-element elementor-element-f3f4e78 elementor-widget elementor-widget-heading\" data-id=\"f3f4e78\" data-element_type=\"widget\" data-e-type=\"widget\" data-widget_type=\"heading.default\">\n\t\t\t\t\t<h2 class=\"elementor-heading-title elementor-size-default\">Solic\u00edtenos oferta por la reparaci\u00f3n de cualquiera de estos equipos \u00f3 de cualquier otro si nos lo env\u00edan para su diagn\u00f3stico.<\/h2>\t\t\t\t<\/div>\n\t\t\t\t<\/div>\n\t\t\t\t\t<\/div>\n\t\t\t\t<\/div>\n\t\t\t\t<\/div>","protected":false},"excerpt":{"rendered":"<p>A continuaci\u00f3n les mostramos una lista con lo equipos que reparamos habitualmente: Descripci\u00f3n Marca Modelo Interfono Tuftel ERICCSON 3013210 Tarjeta DC\/DC Converter ERICCSON ROF 1314263\/1 Tarjeta DC\/AC Converter ERICCSON TVF113539 R25 Tarjeta Procesadora ERICCSON TVF1135216 R9 Tel\u00e9fono Digital ERICCSON DBC662001\/901 Interfono REVENGA W-1600 Tarjeta de Entradas E\/D MEAT INDRA SISTEMAS CIRDN 9171AA Tarjeta de Salidas [&hellip;]<\/p>\n","protected":false},"author":1,"featured_media":0,"parent":0,"menu_order":0,"comment_status":"closed","ping_status":"closed","template":"elementor_canvas","meta":{"footnotes":""},"class_list":["post-591","page","type-page","status-publish","hentry"],"yoast_head":"<!-- This site is optimized with the Yoast SEO plugin v27.4 - https:\/\/yoast.com\/product\/yoast-seo-wordpress\/ -->\n<title>Productos - Testronic<\/title>\n<meta name=\"robots\" content=\"index, follow, max-snippet:-1, max-image-preview:large, max-video-preview:-1\" \/>\n<link rel=\"canonical\" href=\"https:\/\/testronic.es\/eu\/productos\/\" \/>\n<meta property=\"og:locale\" content=\"en_US\" \/>\n<meta property=\"og:type\" content=\"article\" \/>\n<meta property=\"og:title\" content=\"Productos - Testronic\" \/>\n<meta property=\"og:description\" content=\"A continuaci\u00f3n les mostramos una lista con lo equipos que reparamos habitualmente: Descripci\u00f3n Marca Modelo Interfono Tuftel ERICCSON 3013210 Tarjeta DC\/DC Converter ERICCSON ROF 1314263\/1 Tarjeta DC\/AC Converter ERICCSON TVF113539 R25 Tarjeta Procesadora ERICCSON TVF1135216 R9 Tel\u00e9fono Digital ERICCSON DBC662001\/901 Interfono REVENGA W-1600 Tarjeta de Entradas E\/D MEAT INDRA SISTEMAS CIRDN 9171AA Tarjeta de Salidas [&hellip;]\" \/>\n<meta property=\"og:url\" content=\"https:\/\/testronic.es\/eu\/productos\/\" \/>\n<meta property=\"og:site_name\" content=\"Testronic\" \/>\n<meta property=\"article:modified_time\" content=\"2026-04-16T09:51:22+00:00\" \/>\n<meta name=\"twitter:card\" content=\"summary_large_image\" \/>\n<meta name=\"twitter:label1\" content=\"Est. reading time\" \/>\n\t<meta name=\"twitter:data1\" content=\"2 minutua\" \/>\n<script type=\"application\/ld+json\" class=\"yoast-schema-graph\">{\"@context\":\"https:\\\/\\\/schema.org\",\"@graph\":[{\"@type\":\"WebPage\",\"@id\":\"https:\\\/\\\/testronic.es\\\/productos\\\/\",\"url\":\"https:\\\/\\\/testronic.es\\\/productos\\\/\",\"name\":\"Productos - Testronic\",\"isPartOf\":{\"@id\":\"https:\\\/\\\/testronic.es\\\/#website\"},\"datePublished\":\"2026-04-16T07:49:25+00:00\",\"dateModified\":\"2026-04-16T09:51:22+00:00\",\"breadcrumb\":{\"@id\":\"https:\\\/\\\/testronic.es\\\/productos\\\/#breadcrumb\"},\"inLanguage\":\"eu\",\"potentialAction\":[{\"@type\":\"ReadAction\",\"target\":[\"https:\\\/\\\/testronic.es\\\/productos\\\/\"]}]},{\"@type\":\"BreadcrumbList\",\"@id\":\"https:\\\/\\\/testronic.es\\\/productos\\\/#breadcrumb\",\"itemListElement\":[{\"@type\":\"ListItem\",\"position\":1,\"name\":\"Portada\",\"item\":\"https:\\\/\\\/testronic.es\\\/\"},{\"@type\":\"ListItem\",\"position\":2,\"name\":\"Productos\"}]},{\"@type\":\"WebSite\",\"@id\":\"https:\\\/\\\/testronic.es\\\/#website\",\"url\":\"https:\\\/\\\/testronic.es\\\/\",\"name\":\"Testronic\",\"description\":\"REPARACION DE TARJETAS ELECTRONICAS \",\"potentialAction\":[{\"@type\":\"SearchAction\",\"target\":{\"@type\":\"EntryPoint\",\"urlTemplate\":\"https:\\\/\\\/testronic.es\\\/?s={search_term_string}\"},\"query-input\":{\"@type\":\"PropertyValueSpecification\",\"valueRequired\":true,\"valueName\":\"search_term_string\"}}],\"inLanguage\":\"eu\"}]}<\/script>\n<!-- \/ Yoast SEO plugin. -->","yoast_head_json":{"title":"Productos - Testronic","robots":{"index":"index","follow":"follow","max-snippet":"max-snippet:-1","max-image-preview":"max-image-preview:large","max-video-preview":"max-video-preview:-1"},"canonical":"https:\/\/testronic.es\/eu\/productos\/","og_locale":"en_US","og_type":"article","og_title":"Productos - Testronic","og_description":"A continuaci\u00f3n les mostramos una lista con lo equipos que reparamos habitualmente: Descripci\u00f3n Marca Modelo Interfono Tuftel ERICCSON 3013210 Tarjeta DC\/DC Converter ERICCSON ROF 1314263\/1 Tarjeta DC\/AC Converter ERICCSON TVF113539 R25 Tarjeta Procesadora ERICCSON TVF1135216 R9 Tel\u00e9fono Digital ERICCSON DBC662001\/901 Interfono REVENGA W-1600 Tarjeta de Entradas E\/D MEAT INDRA SISTEMAS CIRDN 9171AA Tarjeta de Salidas [&hellip;]","og_url":"https:\/\/testronic.es\/eu\/productos\/","og_site_name":"Testronic","article_modified_time":"2026-04-16T09:51:22+00:00","twitter_card":"summary_large_image","twitter_misc":{"Est. reading time":"2 minutua"},"schema":{"@context":"https:\/\/schema.org","@graph":[{"@type":"WebPage","@id":"https:\/\/testronic.es\/productos\/","url":"https:\/\/testronic.es\/productos\/","name":"Productos - Testronic","isPartOf":{"@id":"https:\/\/testronic.es\/#website"},"datePublished":"2026-04-16T07:49:25+00:00","dateModified":"2026-04-16T09:51:22+00:00","breadcrumb":{"@id":"https:\/\/testronic.es\/productos\/#breadcrumb"},"inLanguage":"eu","potentialAction":[{"@type":"ReadAction","target":["https:\/\/testronic.es\/productos\/"]}]},{"@type":"BreadcrumbList","@id":"https:\/\/testronic.es\/productos\/#breadcrumb","itemListElement":[{"@type":"ListItem","position":1,"name":"Portada","item":"https:\/\/testronic.es\/"},{"@type":"ListItem","position":2,"name":"Productos"}]},{"@type":"WebSite","@id":"https:\/\/testronic.es\/#website","url":"https:\/\/testronic.es\/","name":"Testronic","description":"REPARACION DE TARJETAS ELECTRONICAS","potentialAction":[{"@type":"SearchAction","target":{"@type":"EntryPoint","urlTemplate":"https:\/\/testronic.es\/?s={search_term_string}"},"query-input":{"@type":"PropertyValueSpecification","valueRequired":true,"valueName":"search_term_string"}}],"inLanguage":"eu"}]}},"_links":{"self":[{"href":"https:\/\/testronic.es\/eu\/wp-json\/wp\/v2\/pages\/591","targetHints":{"allow":["GET"]}}],"collection":[{"href":"https:\/\/testronic.es\/eu\/wp-json\/wp\/v2\/pages"}],"about":[{"href":"https:\/\/testronic.es\/eu\/wp-json\/wp\/v2\/types\/page"}],"author":[{"embeddable":true,"href":"https:\/\/testronic.es\/eu\/wp-json\/wp\/v2\/users\/1"}],"replies":[{"embeddable":true,"href":"https:\/\/testronic.es\/eu\/wp-json\/wp\/v2\/comments?post=591"}],"version-history":[{"count":40,"href":"https:\/\/testronic.es\/eu\/wp-json\/wp\/v2\/pages\/591\/revisions"}],"predecessor-version":[{"id":690,"href":"https:\/\/testronic.es\/eu\/wp-json\/wp\/v2\/pages\/591\/revisions\/690"}],"wp:attachment":[{"href":"https:\/\/testronic.es\/eu\/wp-json\/wp\/v2\/media?parent=591"}],"curies":[{"name":"wp","href":"https:\/\/api.w.org\/{rel}","templated":true}]}}