{"id":548,"date":"2026-04-16T06:53:57","date_gmt":"2026-04-16T06:53:57","guid":{"rendered":"https:\/\/testronic.rkinformatika.online\/?page_id=548"},"modified":"2026-04-16T07:45:23","modified_gmt":"2026-04-16T07:45:23","slug":"distribucion","status":"publish","type":"page","link":"https:\/\/testronic.es\/eu\/distribucion\/","title":{"rendered":"Banaketa"},"content":{"rendered":"<div data-elementor-type=\"wp-page\" data-elementor-id=\"548\" class=\"elementor elementor-548\" data-elementor-post-type=\"page\">\n\t\t\t\t<div class=\"elementor-element elementor-element-cb674ee e-flex e-con-boxed e-con e-parent\" data-id=\"cb674ee\" data-element_type=\"container\" data-e-type=\"container\" data-settings=\"{&quot;background_background&quot;:&quot;classic&quot;}\">\n\t\t\t\t\t<div class=\"e-con-inner\">\n\t\t<div class=\"elementor-element elementor-element-0750210 e-con-full e-flex e-con e-child\" data-id=\"0750210\" data-element_type=\"container\" data-e-type=\"container\" data-settings=\"{&quot;background_background&quot;:&quot;classic&quot;}\">\n\t\t<div class=\"elementor-element elementor-element-bc5df61 e-con-full e-flex e-con e-child\" data-id=\"bc5df61\" data-element_type=\"container\" data-e-type=\"container\">\n\t\t\t\t<div class=\"elementor-element elementor-element-904f051 elementor-widget elementor-widget-image\" data-id=\"904f051\" data-element_type=\"widget\" data-e-type=\"widget\" data-widget_type=\"image.default\">\n\t\t\t\t\t\t\t\t\t\t\t\t\t\t\t<img fetchpriority=\"high\" decoding=\"async\" width=\"800\" height=\"200\" src=\"https:\/\/testronic.es\/wp-content\/uploads\/2026\/03\/altrax-1024x256.gif\" class=\"attachment-large size-large wp-image-231\" alt=\"\" srcset=\"https:\/\/testronic.es\/wp-content\/uploads\/2026\/03\/altrax-1024x256.gif 1024w, https:\/\/testronic.es\/wp-content\/uploads\/2026\/03\/altrax-300x75.gif 300w, https:\/\/testronic.es\/wp-content\/uploads\/2026\/03\/altrax-768x192.gif 768w, https:\/\/testronic.es\/wp-content\/uploads\/2026\/03\/altrax-1536x385.gif 1536w, https:\/\/testronic.es\/wp-content\/uploads\/2026\/03\/altrax-18x5.gif 18w\" sizes=\"(max-width: 800px) 100vw, 800px\" \/>\t\t\t\t\t\t\t\t\t\t\t\t\t\t\t<\/div>\n\t\t\t\t<\/div>\n\t\t\t\t<div class=\"elementor-element elementor-element-ed0483f elementor-widget elementor-widget-heading\" data-id=\"ed0483f\" data-element_type=\"widget\" data-e-type=\"widget\" data-widget_type=\"heading.default\">\n\t\t\t\t\t<h2 class=\"elementor-heading-title elementor-size-default\">ALLTRAX:Controladores de velocidad para veh\u00edculos el\u00e9ctricos. Actualmente ALLTRAX participa en multitud de programas para desarrollar veh\u00edculos el\u00e9ctricos.<\/h2>\t\t\t\t<\/div>\n\t\t\t\t<div class=\"elementor-element elementor-element-bb65196 elementor-widget-divider--view-line elementor-widget elementor-widget-divider\" data-id=\"bb65196\" data-element_type=\"widget\" data-e-type=\"widget\" data-widget_type=\"divider.default\">\n\t\t\t\t\t\t\t<div class=\"elementor-divider\">\n\t\t\t<span class=\"elementor-divider-separator\">\n\t\t\t\t\t\t<\/span>\n\t\t<\/div>\n\t\t\t\t\t\t<\/div>\n\t\t\t\t<\/div>\n\t\t\t\t\t<\/div>\n\t\t\t\t<\/div>\n\t\t<div class=\"elementor-element elementor-element-27aebb8 e-flex e-con-boxed e-con e-parent\" data-id=\"27aebb8\" data-element_type=\"container\" data-e-type=\"container\" data-settings=\"{&quot;background_background&quot;:&quot;classic&quot;}\">\n\t\t\t\t\t<div class=\"e-con-inner\">\n\t\t<div class=\"elementor-element elementor-element-4be8749 e-con-full e-flex e-con e-child\" data-id=\"4be8749\" data-element_type=\"container\" data-e-type=\"container\" data-settings=\"{&quot;background_background&quot;:&quot;classic&quot;}\">\n\t\t<div class=\"elementor-element elementor-element-ecacb90 e-con-full e-flex e-con e-child\" data-id=\"ecacb90\" data-element_type=\"container\" data-e-type=\"container\">\n\t\t\t\t<div class=\"elementor-element elementor-element-0af279b elementor-widget elementor-widget-heading\" data-id=\"0af279b\" data-element_type=\"widget\" data-e-type=\"widget\" data-widget_type=\"heading.default\">\n\t\t\t\t\t<h2 class=\"elementor-heading-title elementor-size-default\">Caracter\u00edsticas principales:<\/h2>\t\t\t\t<\/div>\n\t\t\t\t<\/div>\n\t\t<div class=\"elementor-element elementor-element-a774ac5 e-con-full e-flex e-con e-child\" data-id=\"a774ac5\" data-element_type=\"container\" data-e-type=\"container\" data-settings=\"{&quot;background_background&quot;:&quot;classic&quot;}\">\n\t\t\t\t<div class=\"elementor-element elementor-element-25621b7 elementor-widget elementor-widget-text-editor\" data-id=\"25621b7\" data-element_type=\"widget\" data-e-type=\"widget\" data-widget_type=\"text-editor.default\">\n\t\t\t\t\t\t\t\t\t<ul><li>Made in USA.<\/li><li>Tecnolog\u00eda desarrollada desde el entorno de la competici\u00f3n.<\/li><li>Encapsulamiento epoxy para la m\u00e1xima protecci\u00f3n a la intemperie.<\/li><li>Servicio t\u00e9cnico on-line.<\/li><li>Soluciones de ingenier\u00eda con d\u00e9cadas de experiencia en producci\u00f3n y desarrollo de soluciones siempre a tiempo.<\/li><li>Soporte en la sustituci\u00f3n de otros controladores por uno Alltrax.<\/li><li>Fabricaci\u00f3n en materiales de alta calidad.<\/li><li>Los controladores pueden ser reprogramados utilizando nuestro soporte de software gratuito v\u00eda USB desde su ordenador port\u00e1til o PC.<\/li><li>Los controladores DCX y NCX son utilizados para motores de excitaci\u00f3n independiente y los controladores AXE, SR y NPX son utilizados para motores con escobillas o de excitaci\u00f3n magn\u00e9tica permanente.<\/li><li>Nuestros m\u00f3dulos est\u00e1n actualmente instalados en golf cars, embarcaciones, industria, agricultura, motocicletas y veh\u00edculos el\u00e9ctricos recreativos.<\/li><\/ul>\t\t\t\t\t\t\t\t<\/div>\n\t\t\t\t<\/div>\n\t\t\t\t<\/div>\n\t\t\t\t\t<\/div>\n\t\t\t\t<\/div>\n\t\t<div class=\"elementor-element elementor-element-09daa08 e-flex e-con-boxed e-con e-parent\" data-id=\"09daa08\" data-element_type=\"container\" data-e-type=\"container\" data-settings=\"{&quot;background_background&quot;:&quot;classic&quot;}\">\n\t\t\t\t\t<div class=\"e-con-inner\">\n\t\t<div class=\"elementor-element elementor-element-3de39a3 e-con-full e-flex e-con e-child\" data-id=\"3de39a3\" data-element_type=\"container\" data-e-type=\"container\" data-settings=\"{&quot;background_background&quot;:&quot;classic&quot;}\">\n\t\t\t\t<div class=\"elementor-element elementor-element-0c7e3b8 gallery-spacing-custom elementor-widget elementor-widget-image-gallery\" data-id=\"0c7e3b8\" data-element_type=\"widget\" data-e-type=\"widget\" data-widget_type=\"image-gallery.default\">\n\t\t\t\t\t\t\t<div class=\"elementor-image-gallery\">\n\t\t\t<div id='gallery-1' class='gallery galleryid-548 gallery-columns-4 gallery-size-2048x2048'><figure class='gallery-item'>\n\t\t\t<div class='gallery-icon landscape'>\n\t\t\t\t<a data-elementor-open-lightbox=\"yes\" data-elementor-lightbox-slideshow=\"0c7e3b8\" data-elementor-lightbox-title=\"1\" data-e-action-hash=\"#elementor-action%3Aaction%3Dlightbox%26settings%3DeyJpZCI6NTY5LCJ1cmwiOiJodHRwczpcL1wvdGVzdHJvbmljLmVzXC93cC1jb250ZW50XC91cGxvYWRzXC8yMDI2XC8wNFwvMS5wbmciLCJzbGlkZXNob3ciOiIwYzdlM2I4In0%3D\" href='https:\/\/testronic.es\/wp-content\/uploads\/2026\/04\/1.png'><img decoding=\"async\" width=\"122\" height=\"98\" src=\"https:\/\/testronic.es\/wp-content\/uploads\/2026\/04\/1.png\" class=\"attachment-2048x2048 size-2048x2048\" alt=\"\" srcset=\"https:\/\/testronic.es\/wp-content\/uploads\/2026\/04\/1.png 122w, https:\/\/testronic.es\/wp-content\/uploads\/2026\/04\/1-15x12.png 15w\" sizes=\"(max-width: 122px) 100vw, 122px\" \/><\/a>\n\t\t\t<\/div><\/figure><figure class='gallery-item'>\n\t\t\t<div class='gallery-icon landscape'>\n\t\t\t\t<a data-elementor-open-lightbox=\"yes\" data-elementor-lightbox-slideshow=\"0c7e3b8\" data-elementor-lightbox-title=\"2\" data-e-action-hash=\"#elementor-action%3Aaction%3Dlightbox%26settings%3DeyJpZCI6NTcwLCJ1cmwiOiJodHRwczpcL1wvdGVzdHJvbmljLmVzXC93cC1jb250ZW50XC91cGxvYWRzXC8yMDI2XC8wNFwvMi5wbmciLCJzbGlkZXNob3ciOiIwYzdlM2I4In0%3D\" href='https:\/\/testronic.es\/wp-content\/uploads\/2026\/04\/2.png'><img decoding=\"async\" width=\"122\" height=\"98\" src=\"https:\/\/testronic.es\/wp-content\/uploads\/2026\/04\/2.png\" class=\"attachment-2048x2048 size-2048x2048\" alt=\"\" srcset=\"https:\/\/testronic.es\/wp-content\/uploads\/2026\/04\/2.png 122w, https:\/\/testronic.es\/wp-content\/uploads\/2026\/04\/2-15x12.png 15w\" sizes=\"(max-width: 122px) 100vw, 122px\" \/><\/a>\n\t\t\t<\/div><\/figure><figure class='gallery-item'>\n\t\t\t<div class='gallery-icon landscape'>\n\t\t\t\t<a data-elementor-open-lightbox=\"yes\" data-elementor-lightbox-slideshow=\"0c7e3b8\" data-elementor-lightbox-title=\"3\" data-e-action-hash=\"#elementor-action%3Aaction%3Dlightbox%26settings%3DeyJpZCI6NTcxLCJ1cmwiOiJodHRwczpcL1wvdGVzdHJvbmljLmVzXC93cC1jb250ZW50XC91cGxvYWRzXC8yMDI2XC8wNFwvMy5wbmciLCJzbGlkZXNob3ciOiIwYzdlM2I4In0%3D\" href='https:\/\/testronic.es\/wp-content\/uploads\/2026\/04\/3.png'><img loading=\"lazy\" decoding=\"async\" width=\"122\" height=\"98\" src=\"https:\/\/testronic.es\/wp-content\/uploads\/2026\/04\/3.png\" class=\"attachment-2048x2048 size-2048x2048\" alt=\"\" srcset=\"https:\/\/testronic.es\/wp-content\/uploads\/2026\/04\/3.png 122w, https:\/\/testronic.es\/wp-content\/uploads\/2026\/04\/3-15x12.png 15w\" sizes=\"(max-width: 122px) 100vw, 122px\" \/><\/a>\n\t\t\t<\/div><\/figure><figure class='gallery-item'>\n\t\t\t<div class='gallery-icon landscape'>\n\t\t\t\t<a data-elementor-open-lightbox=\"yes\" data-elementor-lightbox-slideshow=\"0c7e3b8\" data-elementor-lightbox-title=\"4\" data-e-action-hash=\"#elementor-action%3Aaction%3Dlightbox%26settings%3DeyJpZCI6NTcyLCJ1cmwiOiJodHRwczpcL1wvdGVzdHJvbmljLmVzXC93cC1jb250ZW50XC91cGxvYWRzXC8yMDI2XC8wNFwvNC5wbmciLCJzbGlkZXNob3ciOiIwYzdlM2I4In0%3D\" href='https:\/\/testronic.es\/wp-content\/uploads\/2026\/04\/4.png'><img loading=\"lazy\" decoding=\"async\" width=\"122\" height=\"98\" src=\"https:\/\/testronic.es\/wp-content\/uploads\/2026\/04\/4.png\" class=\"attachment-2048x2048 size-2048x2048\" alt=\"\" srcset=\"https:\/\/testronic.es\/wp-content\/uploads\/2026\/04\/4.png 122w, https:\/\/testronic.es\/wp-content\/uploads\/2026\/04\/4-15x12.png 15w\" sizes=\"(max-width: 122px) 100vw, 122px\" \/><\/a>\n\t\t\t<\/div><\/figure>\n\t\t<\/div>\n\t\t<\/div>\n\t\t\t\t\t\t<\/div>\n\t\t\t\t<\/div>\n\t\t\t\t\t<\/div>\n\t\t\t\t<\/div>\n\t\t<div class=\"elementor-element elementor-element-1eb611e e-flex e-con-boxed e-con e-parent\" data-id=\"1eb611e\" data-element_type=\"container\" data-e-type=\"container\" data-settings=\"{&quot;background_background&quot;:&quot;classic&quot;}\">\n\t\t\t\t\t<div class=\"e-con-inner\">\n\t\t<div class=\"elementor-element elementor-element-b5e8a99 e-con-full e-flex e-con e-child\" data-id=\"b5e8a99\" data-element_type=\"container\" data-e-type=\"container\" data-settings=\"{&quot;background_background&quot;:&quot;classic&quot;}\">\n\t\t<div class=\"elementor-element elementor-element-6fdacaa e-con-full e-flex e-con e-child\" data-id=\"6fdacaa\" data-element_type=\"container\" data-e-type=\"container\">\n\t\t\t\t<div class=\"elementor-element elementor-element-0137bf4 elementor-widget elementor-widget-text-editor\" data-id=\"0137bf4\" data-element_type=\"widget\" data-e-type=\"widget\" data-widget_type=\"text-editor.default\">\n\t\t\t\t\t\t\t\t\t<p>Con nuestros controladores es posible transformar o desarrollar un veh\u00edculo el\u00e9ctrico, ya sea un coche, un quad, una motocicleta, etc.<\/p>\t\t\t\t\t\t\t\t<\/div>\n\t\t\t\t<div class=\"elementor-element elementor-element-2eeaa13 elementor-widget elementor-widget-image\" data-id=\"2eeaa13\" data-element_type=\"widget\" data-e-type=\"widget\" data-widget_type=\"image.default\">\n\t\t\t\t\t\t\t\t\t\t\t\t\t\t\t<img loading=\"lazy\" decoding=\"async\" width=\"459\" height=\"296\" src=\"https:\/\/testronic.es\/wp-content\/uploads\/2026\/03\/croquis.gif\" class=\"attachment-large size-large wp-image-245\" alt=\"\" \/>\t\t\t\t\t\t\t\t\t\t\t\t\t\t\t<\/div>\n\t\t\t\t<div class=\"elementor-element elementor-element-00a6e69 elementor-widget elementor-widget-text-editor\" data-id=\"00a6e69\" data-element_type=\"widget\" data-e-type=\"widget\" data-widget_type=\"text-editor.default\">\n\t\t\t\t\t\t\t\t\t<p>Estamos a su disposici\u00f3n para cualquier consulta o soporte que necesiten.<\/p>\t\t\t\t\t\t\t\t<\/div>\n\t\t\t\t<\/div>\n\t\t\t\t<\/div>\n\t\t\t\t\t<\/div>\n\t\t\t\t<\/div>\n\t\t<div class=\"elementor-element elementor-element-1ff726b e-flex e-con-boxed e-con e-parent\" data-id=\"1ff726b\" data-element_type=\"container\" data-e-type=\"container\" data-settings=\"{&quot;background_background&quot;:&quot;classic&quot;}\">\n\t\t\t\t\t<div class=\"e-con-inner\">\n\t\t<div class=\"elementor-element elementor-element-19a1eab e-con-full e-flex e-con e-child\" data-id=\"19a1eab\" data-element_type=\"container\" data-e-type=\"container\" data-settings=\"{&quot;background_background&quot;:&quot;classic&quot;}\">\n\t\t\t\t<div class=\"elementor-element elementor-element-f3f4e78 elementor-widget elementor-widget-heading\" data-id=\"f3f4e78\" data-element_type=\"widget\" data-e-type=\"widget\" data-widget_type=\"heading.default\">\n\t\t\t\t\t<h2 class=\"elementor-heading-title elementor-size-default\">Pida una oferta sin compromiso: testronic@testronic.es<\/h2>\t\t\t\t<\/div>\n\t\t\t\t<\/div>\n\t\t\t\t\t<\/div>\n\t\t\t\t<\/div>\n\t\t\t\t<\/div>","protected":false},"excerpt":{"rendered":"<p>ALLTRAX:Controladores de velocidad para veh\u00edculos el\u00e9ctricos. Actualmente ALLTRAX participa en multitud de programas para desarrollar veh\u00edculos el\u00e9ctricos. Caracter\u00edsticas principales: Made in USA. Tecnolog\u00eda desarrollada desde el entorno de la competici\u00f3n. Encapsulamiento epoxy para la m\u00e1xima protecci\u00f3n a la intemperie. Servicio t\u00e9cnico on-line. Soluciones de ingenier\u00eda con d\u00e9cadas de experiencia en producci\u00f3n y desarrollo de soluciones [&hellip;]<\/p>\n","protected":false},"author":1,"featured_media":0,"parent":0,"menu_order":0,"comment_status":"closed","ping_status":"closed","template":"elementor_canvas","meta":{"footnotes":""},"class_list":["post-548","page","type-page","status-publish","hentry"],"yoast_head":"<!-- This site is optimized with the Yoast SEO plugin v27.4 - https:\/\/yoast.com\/product\/yoast-seo-wordpress\/ -->\n<title>Distribuci\u00f3n - Testronic<\/title>\n<meta name=\"robots\" content=\"index, follow, max-snippet:-1, max-image-preview:large, max-video-preview:-1\" \/>\n<link rel=\"canonical\" href=\"https:\/\/testronic.es\/eu\/distribucion\/\" \/>\n<meta property=\"og:locale\" content=\"en_US\" \/>\n<meta property=\"og:type\" content=\"article\" \/>\n<meta property=\"og:title\" content=\"Distribuci\u00f3n - Testronic\" \/>\n<meta property=\"og:description\" content=\"ALLTRAX:Controladores de velocidad para veh\u00edculos el\u00e9ctricos. Actualmente ALLTRAX participa en multitud de programas para desarrollar veh\u00edculos el\u00e9ctricos. Caracter\u00edsticas principales: Made in USA. Tecnolog\u00eda desarrollada desde el entorno de la competici\u00f3n. Encapsulamiento epoxy para la m\u00e1xima protecci\u00f3n a la intemperie. Servicio t\u00e9cnico on-line. Soluciones de ingenier\u00eda con d\u00e9cadas de experiencia en producci\u00f3n y desarrollo de soluciones [&hellip;]\" \/>\n<meta property=\"og:url\" content=\"https:\/\/testronic.es\/eu\/distribucion\/\" \/>\n<meta property=\"og:site_name\" content=\"Testronic\" \/>\n<meta property=\"article:modified_time\" content=\"2026-04-16T07:45:23+00:00\" \/>\n<meta property=\"og:image\" content=\"https:\/\/testronic.es\/wp-content\/uploads\/2026\/03\/altrax.gif\" \/>\n\t<meta property=\"og:image:width\" content=\"1753\" \/>\n\t<meta property=\"og:image:height\" content=\"439\" \/>\n\t<meta property=\"og:image:type\" content=\"image\/gif\" \/>\n<meta name=\"twitter:card\" content=\"summary_large_image\" \/>\n<meta name=\"twitter:label1\" content=\"Est. reading time\" \/>\n\t<meta name=\"twitter:data1\" content=\"2 minutua\" \/>\n<script type=\"application\/ld+json\" class=\"yoast-schema-graph\">{\"@context\":\"https:\\\/\\\/schema.org\",\"@graph\":[{\"@type\":\"WebPage\",\"@id\":\"https:\\\/\\\/testronic.es\\\/distribucion\\\/\",\"url\":\"https:\\\/\\\/testronic.es\\\/distribucion\\\/\",\"name\":\"Distribuci\u00f3n - Testronic\",\"isPartOf\":{\"@id\":\"https:\\\/\\\/testronic.es\\\/#website\"},\"primaryImageOfPage\":{\"@id\":\"https:\\\/\\\/testronic.es\\\/distribucion\\\/#primaryimage\"},\"image\":{\"@id\":\"https:\\\/\\\/testronic.es\\\/distribucion\\\/#primaryimage\"},\"thumbnailUrl\":\"https:\\\/\\\/testronic.es\\\/wp-content\\\/uploads\\\/2026\\\/03\\\/altrax-1024x256.gif\",\"datePublished\":\"2026-04-16T06:53:57+00:00\",\"dateModified\":\"2026-04-16T07:45:23+00:00\",\"breadcrumb\":{\"@id\":\"https:\\\/\\\/testronic.es\\\/distribucion\\\/#breadcrumb\"},\"inLanguage\":\"eu\",\"potentialAction\":[{\"@type\":\"ReadAction\",\"target\":[\"https:\\\/\\\/testronic.es\\\/distribucion\\\/\"]}]},{\"@type\":\"ImageObject\",\"inLanguage\":\"eu\",\"@id\":\"https:\\\/\\\/testronic.es\\\/distribucion\\\/#primaryimage\",\"url\":\"https:\\\/\\\/testronic.es\\\/wp-content\\\/uploads\\\/2026\\\/03\\\/altrax-1024x256.gif\",\"contentUrl\":\"https:\\\/\\\/testronic.es\\\/wp-content\\\/uploads\\\/2026\\\/03\\\/altrax-1024x256.gif\"},{\"@type\":\"BreadcrumbList\",\"@id\":\"https:\\\/\\\/testronic.es\\\/distribucion\\\/#breadcrumb\",\"itemListElement\":[{\"@type\":\"ListItem\",\"position\":1,\"name\":\"Portada\",\"item\":\"https:\\\/\\\/testronic.es\\\/\"},{\"@type\":\"ListItem\",\"position\":2,\"name\":\"Distribuci\u00f3n\"}]},{\"@type\":\"WebSite\",\"@id\":\"https:\\\/\\\/testronic.es\\\/#website\",\"url\":\"https:\\\/\\\/testronic.es\\\/\",\"name\":\"Testronic\",\"description\":\"REPARACION DE TARJETAS ELECTRONICAS \",\"potentialAction\":[{\"@type\":\"SearchAction\",\"target\":{\"@type\":\"EntryPoint\",\"urlTemplate\":\"https:\\\/\\\/testronic.es\\\/?s={search_term_string}\"},\"query-input\":{\"@type\":\"PropertyValueSpecification\",\"valueRequired\":true,\"valueName\":\"search_term_string\"}}],\"inLanguage\":\"eu\"}]}<\/script>\n<!-- \/ Yoast SEO plugin. -->","yoast_head_json":{"title":"Distribuci\u00f3n - Testronic","robots":{"index":"index","follow":"follow","max-snippet":"max-snippet:-1","max-image-preview":"max-image-preview:large","max-video-preview":"max-video-preview:-1"},"canonical":"https:\/\/testronic.es\/eu\/distribucion\/","og_locale":"en_US","og_type":"article","og_title":"Distribuci\u00f3n - Testronic","og_description":"ALLTRAX:Controladores de velocidad para veh\u00edculos el\u00e9ctricos. Actualmente ALLTRAX participa en multitud de programas para desarrollar veh\u00edculos el\u00e9ctricos. Caracter\u00edsticas principales: Made in USA. Tecnolog\u00eda desarrollada desde el entorno de la competici\u00f3n. Encapsulamiento epoxy para la m\u00e1xima protecci\u00f3n a la intemperie. Servicio t\u00e9cnico on-line. Soluciones de ingenier\u00eda con d\u00e9cadas de experiencia en producci\u00f3n y desarrollo de soluciones [&hellip;]","og_url":"https:\/\/testronic.es\/eu\/distribucion\/","og_site_name":"Testronic","article_modified_time":"2026-04-16T07:45:23+00:00","og_image":[{"width":1753,"height":439,"url":"https:\/\/testronic.es\/wp-content\/uploads\/2026\/03\/altrax.gif","type":"image\/gif"}],"twitter_card":"summary_large_image","twitter_misc":{"Est. reading time":"2 minutua"},"schema":{"@context":"https:\/\/schema.org","@graph":[{"@type":"WebPage","@id":"https:\/\/testronic.es\/distribucion\/","url":"https:\/\/testronic.es\/distribucion\/","name":"Distribuci\u00f3n - Testronic","isPartOf":{"@id":"https:\/\/testronic.es\/#website"},"primaryImageOfPage":{"@id":"https:\/\/testronic.es\/distribucion\/#primaryimage"},"image":{"@id":"https:\/\/testronic.es\/distribucion\/#primaryimage"},"thumbnailUrl":"https:\/\/testronic.es\/wp-content\/uploads\/2026\/03\/altrax-1024x256.gif","datePublished":"2026-04-16T06:53:57+00:00","dateModified":"2026-04-16T07:45:23+00:00","breadcrumb":{"@id":"https:\/\/testronic.es\/distribucion\/#breadcrumb"},"inLanguage":"eu","potentialAction":[{"@type":"ReadAction","target":["https:\/\/testronic.es\/distribucion\/"]}]},{"@type":"ImageObject","inLanguage":"eu","@id":"https:\/\/testronic.es\/distribucion\/#primaryimage","url":"https:\/\/testronic.es\/wp-content\/uploads\/2026\/03\/altrax-1024x256.gif","contentUrl":"https:\/\/testronic.es\/wp-content\/uploads\/2026\/03\/altrax-1024x256.gif"},{"@type":"BreadcrumbList","@id":"https:\/\/testronic.es\/distribucion\/#breadcrumb","itemListElement":[{"@type":"ListItem","position":1,"name":"Portada","item":"https:\/\/testronic.es\/"},{"@type":"ListItem","position":2,"name":"Distribuci\u00f3n"}]},{"@type":"WebSite","@id":"https:\/\/testronic.es\/#website","url":"https:\/\/testronic.es\/","name":"Testronic","description":"REPARACION DE TARJETAS ELECTRONICAS","potentialAction":[{"@type":"SearchAction","target":{"@type":"EntryPoint","urlTemplate":"https:\/\/testronic.es\/?s={search_term_string}"},"query-input":{"@type":"PropertyValueSpecification","valueRequired":true,"valueName":"search_term_string"}}],"inLanguage":"eu"}]}},"_links":{"self":[{"href":"https:\/\/testronic.es\/eu\/wp-json\/wp\/v2\/pages\/548","targetHints":{"allow":["GET"]}}],"collection":[{"href":"https:\/\/testronic.es\/eu\/wp-json\/wp\/v2\/pages"}],"about":[{"href":"https:\/\/testronic.es\/eu\/wp-json\/wp\/v2\/types\/page"}],"author":[{"embeddable":true,"href":"https:\/\/testronic.es\/eu\/wp-json\/wp\/v2\/users\/1"}],"replies":[{"embeddable":true,"href":"https:\/\/testronic.es\/eu\/wp-json\/wp\/v2\/comments?post=548"}],"version-history":[{"count":34,"href":"https:\/\/testronic.es\/eu\/wp-json\/wp\/v2\/pages\/548\/revisions"}],"predecessor-version":[{"id":590,"href":"https:\/\/testronic.es\/eu\/wp-json\/wp\/v2\/pages\/548\/revisions\/590"}],"wp:attachment":[{"href":"https:\/\/testronic.es\/eu\/wp-json\/wp\/v2\/media?parent=548"}],"curies":[{"name":"wp","href":"https:\/\/api.w.org\/{rel}","templated":true}]}}