{"id":478,"date":"2026-04-15T13:59:15","date_gmt":"2026-04-15T13:59:15","guid":{"rendered":"https:\/\/testronic.rkinformatika.online\/?page_id=478"},"modified":"2026-04-16T09:27:21","modified_gmt":"2026-04-16T09:27:21","slug":"servicios","status":"publish","type":"page","link":"https:\/\/testronic.es\/eu\/servicios\/","title":{"rendered":"Zerbitzuak"},"content":{"rendered":"<div data-elementor-type=\"wp-page\" data-elementor-id=\"478\" class=\"elementor elementor-478\" data-elementor-post-type=\"page\">\n\t\t\t\t<div class=\"elementor-element elementor-element-cb674ee e-flex e-con-boxed e-con e-parent\" data-id=\"cb674ee\" data-element_type=\"container\" data-e-type=\"container\" data-settings=\"{&quot;background_background&quot;:&quot;classic&quot;}\">\n\t\t\t\t\t<div class=\"e-con-inner\">\n\t\t<div class=\"elementor-element elementor-element-0750210 e-con-full e-flex e-con e-child\" data-id=\"0750210\" data-element_type=\"container\" data-e-type=\"container\" data-settings=\"{&quot;background_background&quot;:&quot;classic&quot;}\">\n\t\t<div class=\"elementor-element elementor-element-12fb32c e-con-full e-flex e-con e-child\" data-id=\"12fb32c\" data-element_type=\"container\" data-e-type=\"container\" data-settings=\"{&quot;background_background&quot;:&quot;classic&quot;}\">\n\t\t\t\t<div class=\"elementor-element elementor-element-8442880 elementor-widget elementor-widget-text-editor\" data-id=\"8442880\" data-element_type=\"widget\" data-e-type=\"widget\" data-widget_type=\"text-editor.default\">\n\t\t\t\t\t\t\t\t\t<ul><li>TXARTEL ELEKTRONIKOAK ETA EKIPO ELEKTRONIKO INDUSTRIALAK KONPONTZEA.<\/li><li>VENTA DE COMPONENTES ELECTRONICOS OBSOLETOS<\/li><li>EKIPO ELEKTRONIKOEN PREBENTZIOZKO MANTENTZE-LANAK.<\/li><li>MATXURATUTAKO AZPIMULTZOAK INSTALAZIOAN KOKATZEA.<\/li><li>REPARACI\u00d3N DE TARJETAS Y EQUIPOS ELECTRONICOS DEL SECTOR FERROVIARIO<\/li><li>** OHAR GARRANTZITSUA \u2013 GUTXIENEKO TARIFA ERAGIKETAGATIK 150 \u20ac**<\/li><\/ul>\t\t\t\t\t\t\t\t<\/div>\n\t\t\t\t<\/div>\n\t\t\t\t<\/div>\n\t\t\t\t\t<\/div>\n\t\t\t\t<\/div>\n\t\t<div class=\"elementor-element elementor-element-1ff726b e-flex e-con-boxed e-con e-parent\" data-id=\"1ff726b\" data-element_type=\"container\" data-e-type=\"container\" data-settings=\"{&quot;background_background&quot;:&quot;classic&quot;}\">\n\t\t\t\t\t<div class=\"e-con-inner\">\n\t\t<div class=\"elementor-element elementor-element-19a1eab e-con-full e-flex e-con e-child\" data-id=\"19a1eab\" data-element_type=\"container\" data-e-type=\"container\" data-settings=\"{&quot;background_background&quot;:&quot;classic&quot;}\">\n\t\t\t\t<div class=\"elementor-element elementor-element-f3f4e78 elementor-widget elementor-widget-heading\" data-id=\"f3f4e78\" data-element_type=\"widget\" data-e-type=\"widget\" data-widget_type=\"heading.default\">\n\t\t\t\t\t<h2 class=\"elementor-heading-title elementor-size-default\">Pida una oferta sin compromiso: testronic@testronic.es<\/h2>\t\t\t\t<\/div>\n\t\t\t\t<\/div>\n\t\t\t\t\t<\/div>\n\t\t\t\t<\/div>\n\t\t\t\t<\/div>","protected":false},"excerpt":{"rendered":"<p>REPARACION DE TARJETAS ELECTRONICAS Y EQUIPOS ELECTRONICOS INDUSTRIALES. VENTA DE COMPONENTES ELECTRONICOS OBSOLETOS MANTENIMIENTO PREVENTIVO DE SUS EQUIPOS ELECTR\u00d3NICOS. LOCALIZACI\u00d3N DE SUBCONJUNTOS AVERIADOS EN PLANTA. REPARACI\u00d3N DE TARJETAS Y EQUIPOS ELECTRONICOS DEL SECTOR FERROVIARIO ** NOTA IMPORTANTE &#8211; TARIFA MINIMA POR OPERACION 150 \u20ac ** Pida una oferta sin compromiso: testronic@testronic.es<\/p>","protected":false},"author":1,"featured_media":0,"parent":0,"menu_order":0,"comment_status":"closed","ping_status":"closed","template":"elementor_canvas","meta":{"footnotes":""},"class_list":["post-478","page","type-page","status-publish","hentry"],"yoast_head":"<!-- This site is optimized with the Yoast SEO plugin v27.4 - https:\/\/yoast.com\/product\/yoast-seo-wordpress\/ -->\n<title>Servicios - Testronic<\/title>\n<meta name=\"robots\" content=\"index, follow, max-snippet:-1, max-image-preview:large, max-video-preview:-1\" \/>\n<link rel=\"canonical\" href=\"https:\/\/testronic.es\/eu\/servicios\/\" \/>\n<meta property=\"og:locale\" content=\"en_US\" \/>\n<meta property=\"og:type\" content=\"article\" \/>\n<meta property=\"og:title\" content=\"Servicios - Testronic\" \/>\n<meta property=\"og:description\" content=\"REPARACION DE TARJETAS ELECTRONICAS Y EQUIPOS ELECTRONICOS INDUSTRIALES. VENTA DE COMPONENTES ELECTRONICOS OBSOLETOS MANTENIMIENTO PREVENTIVO DE SUS EQUIPOS ELECTR\u00d3NICOS. LOCALIZACI\u00d3N DE SUBCONJUNTOS AVERIADOS EN PLANTA. REPARACI\u00d3N DE TARJETAS Y EQUIPOS ELECTRONICOS DEL SECTOR FERROVIARIO ** NOTA IMPORTANTE &#8211; TARIFA MINIMA POR OPERACION 150 \u20ac ** Pida una oferta sin compromiso: testronic@testronic.es\" \/>\n<meta property=\"og:url\" content=\"https:\/\/testronic.es\/eu\/servicios\/\" \/>\n<meta property=\"og:site_name\" content=\"Testronic\" \/>\n<meta property=\"article:modified_time\" content=\"2026-04-16T09:27:21+00:00\" \/>\n<meta name=\"twitter:card\" content=\"summary_large_image\" \/>\n<meta name=\"twitter:label1\" content=\"Est. reading time\" \/>\n\t<meta name=\"twitter:data1\" content=\"1 minutua\" \/>\n<script type=\"application\/ld+json\" class=\"yoast-schema-graph\">{\"@context\":\"https:\\\/\\\/schema.org\",\"@graph\":[{\"@type\":\"WebPage\",\"@id\":\"https:\\\/\\\/testronic.es\\\/servicios\\\/\",\"url\":\"https:\\\/\\\/testronic.es\\\/servicios\\\/\",\"name\":\"Servicios - Testronic\",\"isPartOf\":{\"@id\":\"https:\\\/\\\/testronic.es\\\/#website\"},\"datePublished\":\"2026-04-15T13:59:15+00:00\",\"dateModified\":\"2026-04-16T09:27:21+00:00\",\"breadcrumb\":{\"@id\":\"https:\\\/\\\/testronic.es\\\/servicios\\\/#breadcrumb\"},\"inLanguage\":\"eu\",\"potentialAction\":[{\"@type\":\"ReadAction\",\"target\":[\"https:\\\/\\\/testronic.es\\\/servicios\\\/\"]}]},{\"@type\":\"BreadcrumbList\",\"@id\":\"https:\\\/\\\/testronic.es\\\/servicios\\\/#breadcrumb\",\"itemListElement\":[{\"@type\":\"ListItem\",\"position\":1,\"name\":\"Portada\",\"item\":\"https:\\\/\\\/testronic.es\\\/\"},{\"@type\":\"ListItem\",\"position\":2,\"name\":\"Servicios\"}]},{\"@type\":\"WebSite\",\"@id\":\"https:\\\/\\\/testronic.es\\\/#website\",\"url\":\"https:\\\/\\\/testronic.es\\\/\",\"name\":\"Testronic\",\"description\":\"REPARACION DE TARJETAS ELECTRONICAS \",\"potentialAction\":[{\"@type\":\"SearchAction\",\"target\":{\"@type\":\"EntryPoint\",\"urlTemplate\":\"https:\\\/\\\/testronic.es\\\/?s={search_term_string}\"},\"query-input\":{\"@type\":\"PropertyValueSpecification\",\"valueRequired\":true,\"valueName\":\"search_term_string\"}}],\"inLanguage\":\"eu\"}]}<\/script>\n<!-- \/ Yoast SEO plugin. -->","yoast_head_json":{"title":"Servicios - Testronic","robots":{"index":"index","follow":"follow","max-snippet":"max-snippet:-1","max-image-preview":"max-image-preview:large","max-video-preview":"max-video-preview:-1"},"canonical":"https:\/\/testronic.es\/eu\/servicios\/","og_locale":"en_US","og_type":"article","og_title":"Servicios - Testronic","og_description":"REPARACION DE TARJETAS ELECTRONICAS Y EQUIPOS ELECTRONICOS INDUSTRIALES. VENTA DE COMPONENTES ELECTRONICOS OBSOLETOS MANTENIMIENTO PREVENTIVO DE SUS EQUIPOS ELECTR\u00d3NICOS. LOCALIZACI\u00d3N DE SUBCONJUNTOS AVERIADOS EN PLANTA. REPARACI\u00d3N DE TARJETAS Y EQUIPOS ELECTRONICOS DEL SECTOR FERROVIARIO ** NOTA IMPORTANTE &#8211; TARIFA MINIMA POR OPERACION 150 \u20ac ** Pida una oferta sin compromiso: testronic@testronic.es","og_url":"https:\/\/testronic.es\/eu\/servicios\/","og_site_name":"Testronic","article_modified_time":"2026-04-16T09:27:21+00:00","twitter_card":"summary_large_image","twitter_misc":{"Est. reading time":"1 minutua"},"schema":{"@context":"https:\/\/schema.org","@graph":[{"@type":"WebPage","@id":"https:\/\/testronic.es\/servicios\/","url":"https:\/\/testronic.es\/servicios\/","name":"Servicios - Testronic","isPartOf":{"@id":"https:\/\/testronic.es\/#website"},"datePublished":"2026-04-15T13:59:15+00:00","dateModified":"2026-04-16T09:27:21+00:00","breadcrumb":{"@id":"https:\/\/testronic.es\/servicios\/#breadcrumb"},"inLanguage":"eu","potentialAction":[{"@type":"ReadAction","target":["https:\/\/testronic.es\/servicios\/"]}]},{"@type":"BreadcrumbList","@id":"https:\/\/testronic.es\/servicios\/#breadcrumb","itemListElement":[{"@type":"ListItem","position":1,"name":"Portada","item":"https:\/\/testronic.es\/"},{"@type":"ListItem","position":2,"name":"Servicios"}]},{"@type":"WebSite","@id":"https:\/\/testronic.es\/#website","url":"https:\/\/testronic.es\/","name":"Testronic","description":"REPARACION DE TARJETAS ELECTRONICAS","potentialAction":[{"@type":"SearchAction","target":{"@type":"EntryPoint","urlTemplate":"https:\/\/testronic.es\/?s={search_term_string}"},"query-input":{"@type":"PropertyValueSpecification","valueRequired":true,"valueName":"search_term_string"}}],"inLanguage":"eu"}]}},"_links":{"self":[{"href":"https:\/\/testronic.es\/eu\/wp-json\/wp\/v2\/pages\/478","targetHints":{"allow":["GET"]}}],"collection":[{"href":"https:\/\/testronic.es\/eu\/wp-json\/wp\/v2\/pages"}],"about":[{"href":"https:\/\/testronic.es\/eu\/wp-json\/wp\/v2\/types\/page"}],"author":[{"embeddable":true,"href":"https:\/\/testronic.es\/eu\/wp-json\/wp\/v2\/users\/1"}],"replies":[{"embeddable":true,"href":"https:\/\/testronic.es\/eu\/wp-json\/wp\/v2\/comments?post=478"}],"version-history":[{"count":28,"href":"https:\/\/testronic.es\/eu\/wp-json\/wp\/v2\/pages\/478\/revisions"}],"predecessor-version":[{"id":672,"href":"https:\/\/testronic.es\/eu\/wp-json\/wp\/v2\/pages\/478\/revisions\/672"}],"wp:attachment":[{"href":"https:\/\/testronic.es\/eu\/wp-json\/wp\/v2\/media?parent=478"}],"curies":[{"name":"wp","href":"https:\/\/api.w.org\/{rel}","templated":true}]}}